{"id":11,"date":"2015-05-18T09:27:42","date_gmt":"2015-05-18T09:27:42","guid":{"rendered":"http:\/\/nowotny-foundation.de\/?page_id=11"},"modified":"2015-06-15T11:22:55","modified_gmt":"2015-06-15T11:22:55","slug":"ueber-uns","status":"publish","type":"page","link":"https:\/\/www.nowotny-foundation.com\/de\/ueber-uns\/","title":{"rendered":"\u00dcber uns"},"content":{"rendered":"<p><\/p>\n<h2 style=\"text-align: left;\">Dr. Karl Nowotny<\/h2>\n<p><a href=\"http:\/\/nowotny-foundation.de\/wp-content\/uploads\/2015\/05\/nowotny1.jpg\"><img loading=\"lazy\" decoding=\"async\" class=\" size-medium wp-image-157 alignleft\" src=\"http:\/\/nowotny-foundation.de\/wp-content\/uploads\/2015\/05\/nowotny1-223x300.jpg\" alt=\"nowotny\" width=\"223\" height=\"300\" srcset=\"https:\/\/www.nowotny-foundation.com\/wp-content\/uploads\/2015\/05\/nowotny1-223x300.jpg 223w, https:\/\/www.nowotny-foundation.com\/wp-content\/uploads\/2015\/05\/nowotny1.jpg 400w\" sizes=\"auto, (max-width: 223px) 100vw, 223px\" \/><\/a>Dr. Karl Nowotny war Facharzt f\u00fcr Psychiatrie und Neurologie. Er wurde am 26. Februar 1895 in Wien geboren. Er studierte Medizin an der Wiener Universit\u00e4t. Nach seiner Promotion arbeitete er an der Universit\u00e4tsklinik f\u00fcr Psychiatrie und Neurologie in Wien und leitete dort die psychiatrisch-neurologische Filialstation.\u00a0 Er war Mitbegr\u00fcnder der internationalen Vereinigung f\u00fcr Individualpsychologie und jahrelang im Vorstand der \u00d6sterreichischen Gesellschaft f\u00fcr psychische Hygiene.<br \/>\nNach dem Kriegsende 1945 \u00fcbernahm er die Leitung der Wiener st\u00e4dtischen Nervenheilanstalt Maria Theresien Schl\u00f6\u00dfl . Zahlreiche Pers\u00f6nlichkeiten aus Kunst und Politik z\u00e4hlten zu seinem Patientenkreis.<br \/>\nAn der Universit\u00e4t war er Privatdozent f\u00fcr Psychiatrie und Neurologie. Zahlreiche wissenschaftliche Arbeiten, insbesondere auch auf dem Gebiet der Individual-Psychologie wurden im Laufe der Jahre ver\u00f6ffentlicht.<br \/>\n1960 erhielt er aufgrund seiner hervorragenden Leistungen das goldene Ehrenzeichen f\u00fcr Verdienste um die Republik \u00d6sterreich.<br \/>\nAm 18. April 1965 verlie\u00df Dr. Nowotny die materielle Welt. Nur wenige Monate sp\u00e4ter gab er auf medialem Wege die &#8218;Medialen Schriften &#8211; Mitteilungen eines Arztes aus dem Jenseits&#8216;\u00a0 \u00fcber Grete Schr\u00f6der durch.<\/p>\n<p><a href=\"http:\/\/nowotny-foundation.de\/wp-content\/uploads\/2015\/05\/IMG_9439-555c4436v1_site_icon.png\"><img loading=\"lazy\" decoding=\"async\" class=\"alignnone size-full wp-image-238\" src=\"http:\/\/nowotny-foundation.de\/wp-content\/uploads\/2015\/05\/IMG_9439-555c4436v1_site_icon.png\" alt=\"Gro\u00dfes Blog-Bild\" width=\"512\" height=\"512\" srcset=\"https:\/\/www.nowotny-foundation.com\/wp-content\/uploads\/2015\/05\/IMG_9439-555c4436v1_site_icon.png 512w, https:\/\/www.nowotny-foundation.com\/wp-content\/uploads\/2015\/05\/IMG_9439-555c4436v1_site_icon-150x150.png 150w, https:\/\/www.nowotny-foundation.com\/wp-content\/uploads\/2015\/05\/IMG_9439-555c4436v1_site_icon-256x256.png 256w, https:\/\/www.nowotny-foundation.com\/wp-content\/uploads\/2015\/05\/IMG_9439-555c4436v1_site_icon-128x128.png 128w, https:\/\/www.nowotny-foundation.com\/wp-content\/uploads\/2015\/05\/IMG_9439-555c4436v1_site_icon-80x80.png 80w, https:\/\/www.nowotny-foundation.com\/wp-content\/uploads\/2015\/05\/IMG_9439-555c4436v1_site_icon-64x64.png 64w, https:\/\/www.nowotny-foundation.com\/wp-content\/uploads\/2015\/05\/IMG_9439-555c4436v1_site_icon-32x32.png 32w, https:\/\/www.nowotny-foundation.com\/wp-content\/uploads\/2015\/05\/IMG_9439-555c4436v1_site_icon-16x16.png 16w\" sizes=\"auto, (max-width: 512px) 100vw, 512px\" \/><\/a><\/p>\n<div class=\"shariff shariff-align-left shariff-widget-align-left\"><ul class=\"shariff-buttons theme-round orientation-horizontal buttonsize-medium\"><li class=\"shariff-button facebook shariff-nocustomcolor\" style=\"background-color:#4273c8\"><a href=\"https:\/\/www.facebook.com\/sharer\/sharer.php?u=https%3A%2F%2Fwww.nowotny-foundation.com%2Fde%2Fueber-uns%2F\" title=\"Bei Facebook teilen\" aria-label=\"Bei Facebook teilen\" role=\"button\" rel=\"nofollow\" class=\"shariff-link\" style=\"; background-color:#3b5998; color:#fff\" target=\"_blank\"><span class=\"shariff-icon\" style=\"\"><svg width=\"32px\" height=\"20px\" xmlns=\"http:\/\/www.w3.org\/2000\/svg\" viewBox=\"0 0 18 32\"><path fill=\"#3b5998\" d=\"M17.1 0.2v4.7h-2.8q-1.5 0-2.1 0.6t-0.5 1.9v3.4h5.2l-0.7 5.3h-4.5v13.6h-5.5v-13.6h-4.5v-5.3h4.5v-3.9q0-3.3 1.9-5.2t5-1.8q2.6 0 4.1 0.2z\"\/><\/svg><\/span><\/a><\/li><li class=\"shariff-button twitter shariff-nocustomcolor\" style=\"background-color:#595959\"><a href=\"https:\/\/twitter.com\/share?url=https%3A%2F%2Fwww.nowotny-foundation.com%2Fde%2Fueber-uns%2F&text=%C3%9Cber%20uns\" title=\"Bei X teilen\" aria-label=\"Bei X teilen\" role=\"button\" rel=\"noopener nofollow\" class=\"shariff-link\" style=\"; background-color:#000; color:#fff\" target=\"_blank\"><span class=\"shariff-icon\" style=\"\"><svg width=\"32px\" height=\"20px\" xmlns=\"http:\/\/www.w3.org\/2000\/svg\" viewBox=\"0 0 24 24\"><path fill=\"#000\" d=\"M14.258 10.152L23.176 0h-2.113l-7.747 8.813L7.133 0H0l9.352 13.328L0 23.973h2.113l8.176-9.309 6.531 9.309h7.133zm-2.895 3.293l-.949-1.328L2.875 1.56h3.246l6.086 8.523.945 1.328 7.91 11.078h-3.246zm0 0\"\/><\/svg><\/span><\/a><\/li><li class=\"shariff-button whatsapp shariff-nocustomcolor\" style=\"background-color:#5cbe4a\"><a href=\"https:\/\/api.whatsapp.com\/send?text=https%3A%2F%2Fwww.nowotny-foundation.com%2Fde%2Fueber-uns%2F%20%C3%9Cber%20uns\" title=\"Bei Whatsapp teilen\" aria-label=\"Bei Whatsapp teilen\" role=\"button\" rel=\"noopener nofollow\" class=\"shariff-link\" style=\"; background-color:#34af23; color:#fff\" target=\"_blank\"><span class=\"shariff-icon\" style=\"\"><svg width=\"32px\" height=\"20px\" xmlns=\"http:\/\/www.w3.org\/2000\/svg\" viewBox=\"0 0 32 32\"><path fill=\"#34af23\" d=\"M17.6 17.4q0.2 0 1.7 0.8t1.6 0.9q0 0.1 0 0.3 0 0.6-0.3 1.4-0.3 0.7-1.3 1.2t-1.8 0.5q-1 0-3.4-1.1-1.7-0.8-3-2.1t-2.6-3.3q-1.3-1.9-1.3-3.5v-0.1q0.1-1.6 1.3-2.8 0.4-0.4 0.9-0.4 0.1 0 0.3 0t0.3 0q0.3 0 0.5 0.1t0.3 0.5q0.1 0.4 0.6 1.6t0.4 1.3q0 0.4-0.6 1t-0.6 0.8q0 0.1 0.1 0.3 0.6 1.3 1.8 2.4 1 0.9 2.7 1.8 0.2 0.1 0.4 0.1 0.3 0 1-0.9t0.9-0.9zM14 26.9q2.3 0 4.3-0.9t3.6-2.4 2.4-3.6 0.9-4.3-0.9-4.3-2.4-3.6-3.6-2.4-4.3-0.9-4.3 0.9-3.6 2.4-2.4 3.6-0.9 4.3q0 3.6 2.1 6.6l-1.4 4.2 4.3-1.4q2.8 1.9 6.2 1.9zM14 2.2q2.7 0 5.2 1.1t4.3 2.9 2.9 4.3 1.1 5.2-1.1 5.2-2.9 4.3-4.3 2.9-5.2 1.1q-3.5 0-6.5-1.7l-7.4 2.4 2.4-7.2q-1.9-3.2-1.9-6.9 0-2.7 1.1-5.2t2.9-4.3 4.3-2.9 5.2-1.1z\"\/><\/svg><\/span><\/a><\/li><li class=\"shariff-button pinterest shariff-nocustomcolor\" style=\"background-color:#e70f18\"><a href=\"https:\/\/www.pinterest.com\/pin\/create\/link\/?url=https%3A%2F%2Fwww.nowotny-foundation.com%2Fde%2Fueber-uns%2F&media=http%3A%2F%2Fnowotny-foundation.de%2Fwp-content%2Fuploads%2F2015%2F05%2Fnowotny1-223x300.jpg&description=%C3%9Cber%20uns\" title=\"Bei Pinterest pinnen\" aria-label=\"Bei Pinterest pinnen\" role=\"button\" rel=\"noopener nofollow\" class=\"shariff-link\" style=\"; background-color:#cb2027; color:#fff\" target=\"_blank\"><span class=\"shariff-icon\" style=\"\"><svg width=\"32px\" height=\"20px\" xmlns=\"http:\/\/www.w3.org\/2000\/svg\" viewBox=\"0 0 27 32\"><path fill=\"#cb2027\" d=\"M27.4 16q0 3.7-1.8 6.9t-5 5-6.9 1.9q-2 0-3.9-0.6 1.1-1.7 1.4-2.9 0.2-0.6 1-3.8 0.4 0.7 1.3 1.2t2 0.5q2.1 0 3.8-1.2t2.7-3.4 0.9-4.8q0-2-1.1-3.8t-3.1-2.9-4.5-1.2q-1.9 0-3.5 0.5t-2.8 1.4-2 2-1.2 2.3-0.4 2.4q0 1.9 0.7 3.3t2.1 2q0.5 0.2 0.7-0.4 0-0.1 0.1-0.5t0.2-0.5q0.1-0.4-0.2-0.8-0.9-1.1-0.9-2.7 0-2.7 1.9-4.6t4.9-2q2.7 0 4.2 1.5t1.5 3.8q0 3-1.2 5.2t-3.1 2.1q-1.1 0-1.7-0.8t-0.4-1.9q0.1-0.6 0.5-1.7t0.5-1.8 0.2-1.4q0-0.9-0.5-1.5t-1.4-0.6q-1.1 0-1.9 1t-0.8 2.6q0 1.3 0.4 2.2l-1.8 7.5q-0.3 1.2-0.2 3.2-3.7-1.6-6-5t-2.3-7.6q0-3.7 1.9-6.9t5-5 6.9-1.9 6.9 1.9 5 5 1.8 6.9z\"\/><\/svg><\/span><\/a><\/li><li class=\"shariff-button xing shariff-nocustomcolor\" style=\"background-color:#29888a\"><a href=\"https:\/\/www.xing.com\/spi\/shares\/new?url=https%3A%2F%2Fwww.nowotny-foundation.com%2Fde%2Fueber-uns%2F\" title=\"Bei XING teilen\" aria-label=\"Bei XING teilen\" role=\"button\" rel=\"noopener nofollow\" class=\"shariff-link\" style=\"; background-color:#126567; color:#fff\" target=\"_blank\"><span class=\"shariff-icon\" style=\"\"><svg width=\"32px\" height=\"20px\" xmlns=\"http:\/\/www.w3.org\/2000\/svg\" viewBox=\"0 0 25 32\"><path fill=\"#126567\" d=\"M10.7 11.9q-0.2 0.3-4.6 8.2-0.5 0.8-1.2 0.8h-4.3q-0.4 0-0.5-0.3t0-0.6l4.5-8q0 0 0 0l-2.9-5q-0.2-0.4 0-0.7 0.2-0.3 0.5-0.3h4.3q0.7 0 1.2 0.8zM25.1 0.4q0.2 0.3 0 0.7l-9.4 16.7 6 11q0.2 0.4 0 0.6-0.2 0.3-0.6 0.3h-4.3q-0.7 0-1.2-0.8l-6-11.1q0.3-0.6 9.5-16.8 0.4-0.8 1.2-0.8h4.3q0.4 0 0.5 0.3z\"\/><\/svg><\/span><\/a><\/li><li class=\"shariff-button printer shariff-nocustomcolor\" style=\"background-color:#a8a8a8\"><a href=\"javascript:window.print()\" title=\"drucken\" aria-label=\"drucken\" role=\"button\" rel=\"noopener nofollow\" class=\"shariff-link\" style=\"; background-color:#999; color:#fff\"><span class=\"shariff-icon\" style=\"\"><svg width=\"32px\" height=\"20px\" xmlns=\"http:\/\/www.w3.org\/2000\/svg\" viewBox=\"0 0 30 32\"><path fill=\"#999\" d=\"M6.8 27.4h16v-4.6h-16v4.6zM6.8 16h16v-6.8h-2.8q-0.7 0-1.2-0.5t-0.5-1.2v-2.8h-11.4v11.4zM27.4 17.2q0-0.5-0.3-0.8t-0.8-0.4-0.8 0.4-0.3 0.8 0.3 0.8 0.8 0.3 0.8-0.3 0.3-0.8zM29.7 17.2v7.4q0 0.2-0.2 0.4t-0.4 0.2h-4v2.8q0 0.7-0.5 1.2t-1.2 0.5h-17.2q-0.7 0-1.2-0.5t-0.5-1.2v-2.8h-4q-0.2 0-0.4-0.2t-0.2-0.4v-7.4q0-1.4 1-2.4t2.4-1h1.2v-9.7q0-0.7 0.5-1.2t1.2-0.5h12q0.7 0 1.6 0.4t1.3 0.8l2.7 2.7q0.5 0.5 0.9 1.4t0.4 1.6v4.6h1.1q1.4 0 2.4 1t1 2.4z\"\/><\/svg><\/span><\/a><\/li><li class=\"shariff-button rss shariff-nocustomcolor\" style=\"background-color:#ff8c00\"><a href=\"https:\/\/www.nowotny-foundation.com\/de\/feed\/rss\/\" title=\"RSS-feed\" aria-label=\"RSS-feed\" role=\"button\" class=\"shariff-link\" style=\"; background-color:#fe9312; color:#fff\" target=\"_blank\"><span class=\"shariff-icon\" style=\"\"><svg width=\"32px\" height=\"20px\" xmlns=\"http:\/\/www.w3.org\/2000\/svg\" viewBox=\"0 0 32 32\"><path fill=\"#fe9312\" d=\"M4.3 23.5c-2.3 0-4.3 1.9-4.3 4.3 0 2.3 1.9 4.2 4.3 4.2 2.4 0 4.3-1.9 4.3-4.2 0-2.3-1.9-4.3-4.3-4.3zM0 10.9v6.1c4 0 7.7 1.6 10.6 4.4 2.8 2.8 4.4 6.6 4.4 10.6h6.2c0-11.7-9.5-21.1-21.1-21.1zM0 0v6.1c14.2 0 25.8 11.6 25.8 25.9h6.2c0-17.6-14.4-32-32-32z\"\/><\/svg><\/span><\/a><\/li><\/ul><\/div>","protected":false},"excerpt":{"rendered":"<p>Dr. Karl Nowotny Dr. Karl Nowotny war Facharzt f\u00fcr Psychiatrie und Neurologie. Er wurde am 26. Februar 1895 in Wien geboren. Er studierte Medizin an der Wiener Universit\u00e4t. Nach seiner Promotion arbeitete er an der Universit\u00e4tsklinik f\u00fcr Psychiatrie und Neurologie in Wien und leitete dort die psychiatrisch-neurologische Filialstation.\u00a0 Er war Mitbegr\u00fcnder der internationalen Vereinigung f\u00fcr &hellip; <a href=\"https:\/\/www.nowotny-foundation.com\/de\/ueber-uns\/\" class=\"more-link\"><span class=\"screen-reader-text\">\u00dcber uns<\/span> weiterlesen <span class=\"meta-nav\">&rarr;<\/span><\/a><\/p>\n","protected":false},"author":3,"featured_media":0,"parent":0,"menu_order":2,"comment_status":"closed","ping_status":"closed","template":"","meta":{"footnotes":""},"class_list":["post-11","page","type-page","status-publish","hentry"],"aioseo_notices":[],"_links":{"self":[{"href":"https:\/\/www.nowotny-foundation.com\/de\/wp-json\/wp\/v2\/pages\/11","targetHints":{"allow":["GET"]}}],"collection":[{"href":"https:\/\/www.nowotny-foundation.com\/de\/wp-json\/wp\/v2\/pages"}],"about":[{"href":"https:\/\/www.nowotny-foundation.com\/de\/wp-json\/wp\/v2\/types\/page"}],"author":[{"embeddable":true,"href":"https:\/\/www.nowotny-foundation.com\/de\/wp-json\/wp\/v2\/users\/3"}],"replies":[{"embeddable":true,"href":"https:\/\/www.nowotny-foundation.com\/de\/wp-json\/wp\/v2\/comments?post=11"}],"version-history":[{"count":2,"href":"https:\/\/www.nowotny-foundation.com\/de\/wp-json\/wp\/v2\/pages\/11\/revisions"}],"predecessor-version":[{"id":321,"href":"https:\/\/www.nowotny-foundation.com\/de\/wp-json\/wp\/v2\/pages\/11\/revisions\/321"}],"wp:attachment":[{"href":"https:\/\/www.nowotny-foundation.com\/de\/wp-json\/wp\/v2\/media?parent=11"}],"curies":[{"name":"wp","href":"https:\/\/api.w.org\/{rel}","templated":true}]}}